{"id":203,"date":"2014-02-01T18:00:17","date_gmt":"2014-02-01T18:00:17","guid":{"rendered":"http:\/\/cias2014.webs.upv.es\/?page_id=203"},"modified":"2014-02-01T18:06:42","modified_gmt":"2014-02-01T18:06:42","slug":"oradores-invitados","status":"publish","type":"page","link":"https:\/\/cias2014.webs.upv.es\/?page_id=203","title":{"rendered":"Oradores invitados"},"content":{"rendered":"\n<table id=\"tablepress-6\" class=\"tablepress tablepress-id-6\">\n<tbody class=\"row-striping row-hover\">\n<tr class=\"row-1\">\n\t<td class=\"column-1\" style=\"width:33%;\"><a href=\"http:\/\/cias2014.webs.upv.es\/wordpress\/wp-content\/uploads\/2014\/02\/FOTO-VICTOR-ARQUED.jpg\"><img loading=\"lazy\" decoding=\"async\" class=\"size-full wp-image-204\" alt=\"FOTO VICTOR ARQUED\" src=\"http:\/\/cias2014.webs.upv.es\/wordpress\/wp-content\/uploads\/2014\/02\/FOTO-VICTOR-ARQUED.jpg\" width=\"116\" height=\"159\" \/><\/a><br \/>\nV\u00edctor Manuel Arqued Esqu\u00eda<\/td><td class=\"column-2\" style=\"width:33%;\"><a href=\"http:\/\/cias2014.webs.upv.es\/wordpress\/wp-content\/uploads\/2014\/02\/JorgeMolinero.jpg\"><img loading=\"lazy\" decoding=\"async\" class=\" size-full wp-image-205\" alt=\"JorgeMolinero\" src=\"http:\/\/cias2014.webs.upv.es\/wordpress\/wp-content\/uploads\/2014\/02\/JorgeMolinero.jpg\" width=\"116\" height=\"159\" \/><br \/>\n<\/a><\/strong>Jorge Molinero Huguet<\/td><td class=\"column-3\" style=\"width:34%;\"><a href=\"http:\/\/cias2014.webs.upv.es\/wordpress\/wp-content\/uploads\/2014\/02\/foto_enric.jpg\"><img loading=\"lazy\" decoding=\"async\" class=\"size-full wp-image-206\" alt=\"foto_enric\" src=\"http:\/\/cias2014.webs.upv.es\/wordpress\/wp-content\/uploads\/2014\/02\/foto_enric.jpg\" width=\"116\" height=\"158\" \/><br \/>\n<\/a>Enric V\u00e1zquez-Su\u00f1\u00e9<\/td>\n<\/tr>\n<tr class=\"row-2\">\n\t<td class=\"column-1\">Subdirector General de Planificaci\u00f3n y Uso Sostenible del Agua<br \/>\nDirecci\u00f3n General del Agua<br \/>\nMinisterio de Agricultura, Alimentaci\u00f3n y Medio Ambiente<\/td><td class=\"column-2\">Director Aguas y Suelos<br \/>\nAmphos 21<\/td><td class=\"column-3\">Grupo de Hidrologia Subterr\u00e1nea (CSIC-UPC).<br \/>\nInstituto de Diagn\u00f3stico Ambiental y Estudios del Agua (ID\u00c6A) - Consejo Superior de Investigaciones Cient\u00edficas (CSIC)<\/td>\n<\/tr>\n<tr class=\"row-3\">\n\t<td class=\"column-1\">Ponencia<\/td><td class=\"column-2\"><\/td><td class=\"column-3\"><\/td>\n<\/tr>\n<tr class=\"row-4\">\n\t<td class=\"column-1\"><strong>Las aguas subterr\u00e1neas en la planificaci\u00f3n hidrol\u00f3gica<\/strong><\/td><td class=\"column-2\"><strong>El agua subterr\u00e1nea en las operaciones mineras: Importancia de la hidrogeolog\u00eda para la miner\u00eda moderna y responsable<\/strong><\/td><td class=\"column-3\"><strong>Presencia, contexto y procesos de los contaminantes emergentes en las aguas subterr\u00e1neas<\/strong><\/td>\n<\/tr>\n<\/tbody>\n<\/table>\n<!-- #tablepress-6 from cache -->\n","protected":false},"excerpt":{"rendered":"","protected":false},"author":2,"featured_media":0,"parent":21,"menu_order":2,"comment_status":"open","ping_status":"closed","template":"","meta":{"footnotes":""},"class_list":["post-203","page","type-page","status-publish","hentry"],"_links":{"self":[{"href":"https:\/\/cias2014.webs.upv.es\/index.php?rest_route=\/wp\/v2\/pages\/203","targetHints":{"allow":["GET"]}}],"collection":[{"href":"https:\/\/cias2014.webs.upv.es\/index.php?rest_route=\/wp\/v2\/pages"}],"about":[{"href":"https:\/\/cias2014.webs.upv.es\/index.php?rest_route=\/wp\/v2\/types\/page"}],"author":[{"embeddable":true,"href":"https:\/\/cias2014.webs.upv.es\/index.php?rest_route=\/wp\/v2\/users\/2"}],"replies":[{"embeddable":true,"href":"https:\/\/cias2014.webs.upv.es\/index.php?rest_route=%2Fwp%2Fv2%2Fcomments&post=203"}],"version-history":[{"count":4,"href":"https:\/\/cias2014.webs.upv.es\/index.php?rest_route=\/wp\/v2\/pages\/203\/revisions"}],"predecessor-version":[{"id":213,"href":"https:\/\/cias2014.webs.upv.es\/index.php?rest_route=\/wp\/v2\/pages\/203\/revisions\/213"}],"up":[{"embeddable":true,"href":"https:\/\/cias2014.webs.upv.es\/index.php?rest_route=\/wp\/v2\/pages\/21"}],"wp:attachment":[{"href":"https:\/\/cias2014.webs.upv.es\/index.php?rest_route=%2Fwp%2Fv2%2Fmedia&parent=203"}],"curies":[{"name":"wp","href":"https:\/\/api.w.org\/{rel}","templated":true}]}}