{"id":28,"date":"2014-01-09T12:17:31","date_gmt":"2014-01-09T11:17:31","guid":{"rendered":"http:\/\/cias2014.blogs.upv.es\/?page_id=28"},"modified":"2014-01-09T12:17:31","modified_gmt":"2014-01-09T11:17:31","slug":"fechas-a-recordar","status":"publish","type":"page","link":"https:\/\/cias2014.webs.upv.es\/?page_id=28","title":{"rendered":"Fechas a recordar"},"content":{"rendered":"<p>\n<table id=\"tablepress-3\" class=\"tablepress tablepress-id-3\">\n<tbody class=\"row-striping row-hover\">\n<tr class=\"row-1\">\n\t<td class=\"column-1\"><del>28 de marzo<\/del><br \/>\n7 de abril<\/td><td class=\"column-2\">Env\u00edo de res\u00famenes<\/td>\n<\/tr>\n<tr class=\"row-2\">\n\t<td class=\"column-1\">30 de abril<\/td><td class=\"column-2\">Notificaci\u00f3n de aceptaciones<\/td>\n<\/tr>\n<tr class=\"row-3\">\n\t<td class=\"column-1\">15 de mayo<\/td><td class=\"column-2\">\u00daltimo d\u00eda para inscripci\u00f3n con descuento<\/td>\n<\/tr>\n<tr class=\"row-4\">\n\t<td class=\"column-1\">1 de julio<\/td><td class=\"column-2\">Fecha tope para el env\u00edo de comunicaciones<\/td>\n<\/tr>\n<tr class=\"row-5\">\n\t<td class=\"column-1\">28 de julio<\/td><td class=\"column-2\">Publicaci\u00f3n del programa<\/td>\n<\/tr>\n<tr class=\"row-6\">\n\t<td class=\"column-1\">8 al 10 de septiembre<\/td><td class=\"column-2\">Congreso<\/td>\n<\/tr>\n<\/tbody>\n<\/table>\n<!-- #tablepress-3 from cache --><span style=\"line-height: 1.5em\">\u00a0<\/span><\/p>\n<p>&nbsp;<\/p>\n","protected":false},"excerpt":{"rendered":"<p>\u00a0 &nbsp;<\/p>\n","protected":false},"author":2,"featured_media":0,"parent":21,"menu_order":2,"comment_status":"closed","ping_status":"closed","template":"","meta":{"footnotes":""},"class_list":["post-28","page","type-page","status-publish","hentry"],"_links":{"self":[{"href":"https:\/\/cias2014.webs.upv.es\/index.php?rest_route=\/wp\/v2\/pages\/28","targetHints":{"allow":["GET"]}}],"collection":[{"href":"https:\/\/cias2014.webs.upv.es\/index.php?rest_route=\/wp\/v2\/pages"}],"about":[{"href":"https:\/\/cias2014.webs.upv.es\/index.php?rest_route=\/wp\/v2\/types\/page"}],"author":[{"embeddable":true,"href":"https:\/\/cias2014.webs.upv.es\/index.php?rest_route=\/wp\/v2\/users\/2"}],"replies":[{"embeddable":true,"href":"https:\/\/cias2014.webs.upv.es\/index.php?rest_route=%2Fwp%2Fv2%2Fcomments&post=28"}],"version-history":[{"count":0,"href":"https:\/\/cias2014.webs.upv.es\/index.php?rest_route=\/wp\/v2\/pages\/28\/revisions"}],"up":[{"embeddable":true,"href":"https:\/\/cias2014.webs.upv.es\/index.php?rest_route=\/wp\/v2\/pages\/21"}],"wp:attachment":[{"href":"https:\/\/cias2014.webs.upv.es\/index.php?rest_route=%2Fwp%2Fv2%2Fmedia&parent=28"}],"curies":[{"name":"wp","href":"https:\/\/api.w.org\/{rel}","templated":true}]}}