{"id":37,"date":"2014-01-09T13:51:45","date_gmt":"2014-01-09T12:51:45","guid":{"rendered":"http:\/\/cias2014.blogs.upv.es\/?page_id=37"},"modified":"2014-02-17T12:33:38","modified_gmt":"2014-02-17T12:33:38","slug":"comite-organizador","status":"publish","type":"page","link":"https:\/\/cias2014.webs.upv.es\/?page_id=37","title":{"rendered":"Comit\u00e9 organizador"},"content":{"rendered":"<p>El comit\u00e9 organizador est\u00e1 formado por los miembros de la \u00a0junta directiva del <a href=\"http:\/\/aih-ge.org\" target=\"_blank\">Grupo Espa\u00f1ol de la Asociaci\u00f3n Internacional de Hidroge\u00f3logos<\/a>\u00a0y por el presidente del <a href=\"http:\/\/www.aih-gp.org\">Grupo Portugu\u00e9s de la AIH<\/a>: \n<table id=\"tablepress-2\" class=\"tablepress tablepress-id-2\">\n<tbody class=\"row-striping row-hover\">\n<tr class=\"row-1\">\n\t<td class=\"column-1\"><a href=\"http:\/\/jgomez.webs.upv.es\" target=\"_blank\">Jaime G\u00f3mez Hern\u00e1ndez<\/a><\/td><td class=\"column-2\">presidente<\/td><td class=\"column-3\"><a href=\"http:\/\/www.iiama.upv.es\" target=\"_blank\">Universitat Polit\u00e8cnica de Val\u00e8ncia<\/a><\/td>\n<\/tr>\n<tr class=\"row-2\">\n\t<td class=\"column-1\">Carolina Guardiola Albert<\/td><td class=\"column-2\">vicepresidenta<\/td><td class=\"column-3\"><a href=\"http:\/\/www.igme.es\" target=\"_blank\">Instituto Geol\u00f3gico y Minero de Espa\u00f1a<\/a><\/td>\n<\/tr>\n<tr class=\"row-3\">\n\t<td class=\"column-1\">Daniel Fern\u00e0ndez Garcia<\/td><td class=\"column-2\">secretario<\/td><td class=\"column-3\"><a href=\"http:\/\/www.h2ogeo.upc.es\" target=\"_blank\">Universitat Polit\u00e8cnica de Catalunya<\/a><\/td>\n<\/tr>\n<tr class=\"row-4\">\n\t<td class=\"column-1\">Margarida Valverde Ferreiro<\/td><td class=\"column-2\">tesorera<\/td><td class=\"column-3\"><a href=\"http:\/\/www.fcihs.org\" target=\"_blank\">Fundaci\u00f3n CIHS<\/a><\/td>\n<\/tr>\n<tr class=\"row-5\">\n\t<td class=\"column-1\">Jes\u00fas Carrera Ram\u00edrez<\/td><td class=\"column-2\">vocal<\/td><td class=\"column-3\"><a href=\"http:\/\/idaea.csic.es\" target=\"_blank\">Consejo Superior de Investigaciones Cient\u00edficas<\/a><\/td>\n<\/tr>\n<tr class=\"row-6\">\n\t<td class=\"column-1\">Luis Javier Lamb\u00e1n Jim\u00e9nez<\/td><td class=\"column-2\">vocal<\/td><td class=\"column-3\"><a href=\"http:\/\/www.igme.es\" target=\"_blank\">Instituto Geol\u00f3gico y Minero de Espa\u00f1a<\/a><\/td>\n<\/tr>\n<tr class=\"row-7\">\n\t<td class=\"column-1\">Juan Carlos Mayor Zurdo<\/td><td class=\"column-2\">vocal<\/td><td class=\"column-3\"><a href=\"http:\/\/www.enresa.es\" target=\"_blank\">ENRESA<\/a><\/td>\n<\/tr>\n<tr class=\"row-8\">\n\t<td class=\"column-1\">\u00c1ngela Vallejos Izquierdo<\/td><td class=\"column-2\">vocal<\/td><td class=\"column-3\"><a href=\"http:\/\/www.ual.es\" target=\"_blank\">Universidad de Almer\u00eda<\/a><\/td>\n<\/tr>\n<tr class=\"row-9\">\n\t<td class=\"column-1\">Luis Ribeiro<\/td><td class=\"column-2\">presidente grupo portugu\u00e9s<\/td><td class=\"column-3\"><a href=\"http:\/\/cvrm.ist.utl.pt\" target=\"_blank\">Instituto Superior T\u00e9cnico<\/a><\/td>\n<\/tr>\n<\/tbody>\n<\/table>\n<!-- #tablepress-2 from cache --><\/p>\n","protected":false},"excerpt":{"rendered":"<p>El comit\u00e9 organizador est\u00e1 formado por los miembros de la \u00a0junta directiva del Grupo Espa\u00f1ol de la Asociaci\u00f3n Internacional de Hidroge\u00f3logos\u00a0y por el presidente del Grupo Portugu\u00e9s de la AIH:<\/p>\n","protected":false},"author":2,"featured_media":0,"parent":36,"menu_order":0,"comment_status":"closed","ping_status":"closed","template":"","meta":{"footnotes":""},"class_list":["post-37","page","type-page","status-publish","hentry"],"_links":{"self":[{"href":"https:\/\/cias2014.webs.upv.es\/index.php?rest_route=\/wp\/v2\/pages\/37","targetHints":{"allow":["GET"]}}],"collection":[{"href":"https:\/\/cias2014.webs.upv.es\/index.php?rest_route=\/wp\/v2\/pages"}],"about":[{"href":"https:\/\/cias2014.webs.upv.es\/index.php?rest_route=\/wp\/v2\/types\/page"}],"author":[{"embeddable":true,"href":"https:\/\/cias2014.webs.upv.es\/index.php?rest_route=\/wp\/v2\/users\/2"}],"replies":[{"embeddable":true,"href":"https:\/\/cias2014.webs.upv.es\/index.php?rest_route=%2Fwp%2Fv2%2Fcomments&post=37"}],"version-history":[{"count":1,"href":"https:\/\/cias2014.webs.upv.es\/index.php?rest_route=\/wp\/v2\/pages\/37\/revisions"}],"predecessor-version":[{"id":227,"href":"https:\/\/cias2014.webs.upv.es\/index.php?rest_route=\/wp\/v2\/pages\/37\/revisions\/227"}],"up":[{"embeddable":true,"href":"https:\/\/cias2014.webs.upv.es\/index.php?rest_route=\/wp\/v2\/pages\/36"}],"wp:attachment":[{"href":"https:\/\/cias2014.webs.upv.es\/index.php?rest_route=%2Fwp%2Fv2%2Fmedia&parent=37"}],"curies":[{"name":"wp","href":"https:\/\/api.w.org\/{rel}","templated":true}]}}