{"id":48,"date":"2014-01-09T17:17:41","date_gmt":"2014-01-09T16:17:41","guid":{"rendered":"http:\/\/cias2014.blogs.upv.es\/?page_id=48"},"modified":"2014-01-09T17:17:41","modified_gmt":"2014-01-09T16:17:41","slug":"comite-cientifico","status":"publish","type":"page","link":"https:\/\/cias2014.webs.upv.es\/?page_id=48","title":{"rendered":"Comit\u00e9 cient\u00edfico"},"content":{"rendered":"<p>Adem\u00e1s de los miembros del comit\u00e9 organizador, han aceptado ser miembros del comit\u00e9 cient\u00edfico:<\/p>\n\n<table id=\"tablepress-1\" class=\"tablepress tablepress-id-1\">\n<tbody class=\"row-striping row-hover\">\n<tr class=\"row-1\">\n\t<td class=\"column-1\">Jos\u00e9 E. Capilla Rom\u00e1<\/td><td class=\"column-2\">Universitat Polit\u00e8cnica de Val\u00e8ncia<\/td>\n<\/tr>\n<tr class=\"row-2\">\n\t<td class=\"column-1\">Eduardo Cassiraga<\/td><td class=\"column-2\">Universitat Polit\u00e8cnica de Val\u00e8ncia<\/td>\n<\/tr>\n<tr class=\"row-3\">\n\t<td class=\"column-1\">Ant\u00f3nio Chambel<\/td><td class=\"column-2\">Universidade de \u00c9vora<\/td>\n<\/tr>\n<tr class=\"row-4\">\n\t<td class=\"column-1\">Jose Virgilio Cruz<\/td><td class=\"column-2\">Universidade dos A\u00e7ores<\/td>\n<\/tr>\n<tr class=\"row-5\">\n\t<td class=\"column-1\">Jos\u00e9 Antonio Cuch\u00ed Oterino<\/td><td class=\"column-2\">Universidad de Zaragoza<\/td>\n<\/tr>\n<tr class=\"row-6\">\n\t<td class=\"column-1\">Emilio Custodio Gimena<\/td><td class=\"column-2\">Universitat Polit\u00e8cnica de Catalunya<\/td>\n<\/tr>\n<tr class=\"row-7\">\n\t<td class=\"column-1\">Irene De Bustamante Guti\u00e9rrez<\/td><td class=\"column-2\">Universidad de Alcal\u00e1 de Henares<\/td>\n<\/tr>\n<tr class=\"row-8\">\n\t<td class=\"column-1\">Juan Jos\u00e9 Dur\u00e1n Valsero<\/td><td class=\"column-2\">Instituto Geol\u00f3gico y Minero de Espa\u00f1a<\/td>\n<\/tr>\n<tr class=\"row-9\">\n\t<td class=\"column-1\">Teodoro Estrela Monreal<\/td><td class=\"column-2\">Confederaci\u00f3n Hidrogr\u00e1fica del J\u00facar<\/td>\n<\/tr>\n<tr class=\"row-10\">\n\t<td class=\"column-1\">Miguel \u00c1ngel Garc\u00eda Vera<\/td><td class=\"column-2\">Confederaci\u00f3n Hidrogr\u00e1fica del Ebro<\/td>\n<\/tr>\n<tr class=\"row-11\">\n\t<td class=\"column-1\">Juan Vicente Gir\u00e1ldez Cervera<\/td><td class=\"column-2\">Universidad de C\u00f3rdoba<\/td>\n<\/tr>\n<tr class=\"row-12\">\n\t<td class=\"column-1\">N\u00faria Hern\u00e1ndez-Mora Zapata<\/td><td class=\"column-2\">Fundaci\u00f3n Nueva Cultura del Agua<\/td>\n<\/tr>\n<tr class=\"row-13\">\n\t<td class=\"column-1\">M. Carmen Hidalgo Est\u00e9vez<\/td><td class=\"column-2\">Universidad de Ja\u00e9n<\/td>\n<\/tr>\n<tr class=\"row-14\">\n\t<td class=\"column-1\">Mireia Iglesias Carrera<\/td><td class=\"column-2\">Agencia Catalana del Agua<\/td>\n<\/tr>\n<tr class=\"row-15\">\n\t<td class=\"column-1\">J. Antonio L\u00f3pez Geta<\/td><td class=\"column-2\">Instituto Geol\u00f3gico y Minero de Espa\u00f1a<\/td>\n<\/tr>\n<tr class=\"row-16\">\n\t<td class=\"column-1\">Jorge Loredo P\u00e9rez<\/td><td class=\"column-2\">Universidad de Oviedo<\/td>\n<\/tr>\n<tr class=\"row-17\">\n\t<td class=\"column-1\">Marisol Manzano Arellano<\/td><td class=\"column-2\">Universidad Polit\u00e9cnica de Cartagena<\/td>\n<\/tr>\n<tr class=\"row-18\">\n\t<td class=\"column-1\">Miguel Mart\u00edn-Loeches Garrido<\/td><td class=\"column-2\">Universidad de Alcal\u00e1 de Henares<\/td>\n<\/tr>\n<tr class=\"row-19\">\n\t<td class=\"column-1\">Sergio Martos Rosillo<\/td><td class=\"column-2\">Instituto Geol\u00f3gico y Minero de Espa\u00f1a<\/td>\n<\/tr>\n<tr class=\"row-20\">\n\t<td class=\"column-1\">Josep Mas Pl\u00e0<\/td><td class=\"column-2\">Universitat de Girona<\/td>\n<\/tr>\n<tr class=\"row-21\">\n\t<td class=\"column-1\">Teresa Melo<\/td><td class=\"column-2\">Instituto Superior T\u00e9cnico<\/td>\n<\/tr>\n<tr class=\"row-22\">\n\t<td class=\"column-1\">Maria Paula Mendes<\/td><td class=\"column-2\">Instituto Superior T\u00e9cnico<\/td>\n<\/tr>\n<tr class=\"row-23\">\n\t<td class=\"column-1\">Jorge Molinero Huguet<\/td><td class=\"column-2\">Amphos 21<\/td>\n<\/tr>\n<tr class=\"row-24\">\n\t<td class=\"column-1\">Jose Paulo Monteiro<\/td><td class=\"column-2\">Universidade do Algarve<\/td>\n<\/tr>\n<tr class=\"row-25\">\n\t<td class=\"column-1\">Ignacio Morell Evangelista<\/td><td class=\"column-2\">Universitat Jaume I<\/td>\n<\/tr>\n<tr class=\"row-26\">\n\t<td class=\"column-1\">Jo\u00e3o Nascimento<\/td><td class=\"column-2\">Instituto Superior T\u00e9cnico<\/td>\n<\/tr>\n<tr class=\"row-27\">\n\t<td class=\"column-1\">Vicente Navarro G\u00e1mir<\/td><td class=\"column-2\">Universidad de Castilla-La Mancha<\/td>\n<\/tr>\n<tr class=\"row-28\">\n\t<td class=\"column-1\">Mar\u00eda Almudena Ord\u00f3\u00f1ez Alonso<\/td><td class=\"column-2\">Universidad de Oviedo<\/td>\n<\/tr>\n<tr class=\"row-29\">\n\t<td class=\"column-1\">Alfredo P\u00e9rez Paricio<\/td><td class=\"column-2\">Ag\u00e8ncia Catalana de l'Aigua<\/td>\n<\/tr>\n<tr class=\"row-30\">\n\t<td class=\"column-1\">Susana Prada<\/td><td class=\"column-2\">Universidade da Madeira<\/td>\n<\/tr>\n<tr class=\"row-31\">\n\t<td class=\"column-1\">Antonio Pulido Bosch<\/td><td class=\"column-2\">Universidad de Almer\u00eda<\/td>\n<\/tr>\n<tr class=\"row-32\">\n\t<td class=\"column-1\">Fidel Ribera Urenda<\/td><td class=\"column-2\">Fundaci\u00f3n Centro Internacional de Hidrolog\u00eda Subterr\u00e1nea<\/td>\n<\/tr>\n<tr class=\"row-33\">\n\t<td class=\"column-1\">Javier Rodrigo Ilarri<\/td><td class=\"column-2\">Universitat Polit\u00e8cnica de Val\u00e8ncia<\/td>\n<\/tr>\n<tr class=\"row-34\">\n\t<td class=\"column-1\">Pablo Romanazzi<\/td><td class=\"column-2\">Universidad Nacional de La Plata<\/td>\n<\/tr>\n<tr class=\"row-35\">\n\t<td class=\"column-1\">Andr\u00e9s Sahuquillo Herr\u00e1iz<\/td><td class=\"column-2\">Real Academia de Ciencias Exactas, F\u00edsicas y Naturales<\/td>\n<\/tr>\n<tr class=\"row-36\">\n\t<td class=\"column-1\">Jos\u00e9 Angel S\u00e1nchez Navarro<\/td><td class=\"column-2\">Universidad de Zaragoza<\/td>\n<\/tr>\n<tr class=\"row-37\">\n\t<td class=\"column-1\">Xavier S\u00e1nchez Vila<\/td><td class=\"column-2\">Universitat Polit\u00e8cnica de Catalunya<\/td>\n<\/tr>\n<tr class=\"row-38\">\n\t<td class=\"column-1\">David Sanz Mart\u00ednez<\/td><td class=\"column-2\">Universidad de Castilla-La Mancha<\/td>\n<\/tr>\n<tr class=\"row-39\">\n\t<td class=\"column-1\">Clara Sena<\/td><td class=\"column-2\">Universidade de Aveiro<\/td>\n<\/tr>\n<tr class=\"row-40\">\n\t<td class=\"column-1\">Catarina Silva<\/td><td class=\"column-2\">Universidade de Lisboa<\/td>\n<\/tr>\n<tr class=\"row-41\">\n\t<td class=\"column-1\">Albert Soler Gil<\/td><td class=\"column-2\">Universitat de Barcelona<\/td>\n<\/tr>\n<tr class=\"row-42\">\n\t<td class=\"column-1\">Antonio Vela Guzm\u00e1n<\/td><td class=\"column-2\">Consejo de Seguridad Nuclear<\/td>\n<\/tr>\n<tr class=\"row-43\">\n\t<td class=\"column-1\">Ferm\u00edn Villarroya Gil<\/td><td class=\"column-2\">Universidad Complutense de Madrid<\/td>\n<\/tr>\n<\/tbody>\n<\/table>\n\n","protected":false},"excerpt":{"rendered":"<p>Adem\u00e1s de los miembros del comit\u00e9 organizador, han aceptado ser miembros del comit\u00e9 cient\u00edfico:<\/p>\n","protected":false},"author":2,"featured_media":0,"parent":36,"menu_order":2,"comment_status":"closed","ping_status":"closed","template":"","meta":{"footnotes":""},"class_list":["post-48","page","type-page","status-publish","hentry"],"_links":{"self":[{"href":"https:\/\/cias2014.webs.upv.es\/index.php?rest_route=\/wp\/v2\/pages\/48","targetHints":{"allow":["GET"]}}],"collection":[{"href":"https:\/\/cias2014.webs.upv.es\/index.php?rest_route=\/wp\/v2\/pages"}],"about":[{"href":"https:\/\/cias2014.webs.upv.es\/index.php?rest_route=\/wp\/v2\/types\/page"}],"author":[{"embeddable":true,"href":"https:\/\/cias2014.webs.upv.es\/index.php?rest_route=\/wp\/v2\/users\/2"}],"replies":[{"embeddable":true,"href":"https:\/\/cias2014.webs.upv.es\/index.php?rest_route=%2Fwp%2Fv2%2Fcomments&post=48"}],"version-history":[{"count":0,"href":"https:\/\/cias2014.webs.upv.es\/index.php?rest_route=\/wp\/v2\/pages\/48\/revisions"}],"up":[{"embeddable":true,"href":"https:\/\/cias2014.webs.upv.es\/index.php?rest_route=\/wp\/v2\/pages\/36"}],"wp:attachment":[{"href":"https:\/\/cias2014.webs.upv.es\/index.php?rest_route=%2Fwp%2Fv2%2Fmedia&parent=48"}],"curies":[{"name":"wp","href":"https:\/\/api.w.org\/{rel}","templated":true}]}}