{"id":59,"date":"2014-01-09T17:57:35","date_gmt":"2014-01-09T16:57:35","guid":{"rendered":"http:\/\/cias2014.blogs.upv.es\/?page_id=59"},"modified":"2014-01-09T17:57:35","modified_gmt":"2014-01-09T16:57:35","slug":"como-llegar","status":"publish","type":"page","link":"https:\/\/cias2014.webs.upv.es\/?page_id=59","title":{"rendered":"C\u00f3mo llegar"},"content":{"rendered":"<ul>\n<li>Acceso desde la Avenida de los Naranjos:\n<ul>\n<li>Edificio 8B: Puerta J o I<\/li>\n<li>L\u00edneas de autob\u00fas urbano EMT: 1 (Fausto Elio) y 41 (Tarongers)<\/li>\n<li>Tranv\u00eda: L\u00edneas 4 y 6 \u2013 Parada Tarongers<\/li>\n<\/ul>\n<\/li>\n<li>Acceso a la ciudad en:\n<ul>\n<li><a href=\"http:\/\/www.upv.es\/otros\/como-llegar-upv\/campus-vera\/avion-es.html\" target=\"_blank\">Avi\u00f3n<\/a><\/li>\n<li><a href=\"http:\/\/www.upv.es\/otros\/como-llegar-upv\/campus-vera\/tren-es.html\" target=\"_blank\">Tren<\/a><\/li>\n<li><a href=\"http:\/\/www.upv.es\/otros\/como-llegar-upv\/campus-vera\/autobus-es.html\" target=\"_blank\">Autob\u00fas<\/a><\/li>\n<\/ul>\n<\/li>\n<li>Acceso al campus en:\n<ul>\n<li><a href=\"http:\/\/www.upv.es\/otros\/como-llegar-upv\/campus-vera\/bus-urbano-es.html\" target=\"_blank\">Autob\u00fas urbano<\/a><\/li>\n<li><a href=\"http:\/\/www.upv.es\/otros\/como-llegar-upv\/campus-vera\/metro-es.html\" target=\"_blank\">Metro<\/a><\/li>\n<li><a href=\"http:\/\/www.upv.es\/otros\/como-llegar-upv\/campus-vera\/taxi-es.html\" target=\"_blank\">Taxi<\/a><\/li>\n<li><a href=\"http:\/\/www.upv.es\/otros\/como-llegar-upv\/campus-vera\/bici-es.html\" target=\"_blank\">Bicicleta<\/a><\/li>\n<\/ul>\n<\/li>\n<\/ul>\n","protected":false},"excerpt":{"rendered":"<p>Acceso desde la Avenida de los Naranjos: Edificio 8B: Puerta J o I L\u00edneas de autob\u00fas urbano EMT: 1 (Fausto Elio) y 41 (Tarongers) Tranv\u00eda: L\u00edneas 4 y 6 \u2013 Parada Tarongers Acceso a la ciudad en: Avi\u00f3n Tren Autob\u00fas Acceso al campus en: Autob\u00fas urbano Metro Taxi Bicicleta<\/p>\n","protected":false},"author":2,"featured_media":0,"parent":57,"menu_order":1,"comment_status":"closed","ping_status":"closed","template":"","meta":{"footnotes":""},"class_list":["post-59","page","type-page","status-publish","hentry"],"_links":{"self":[{"href":"https:\/\/cias2014.webs.upv.es\/index.php?rest_route=\/wp\/v2\/pages\/59","targetHints":{"allow":["GET"]}}],"collection":[{"href":"https:\/\/cias2014.webs.upv.es\/index.php?rest_route=\/wp\/v2\/pages"}],"about":[{"href":"https:\/\/cias2014.webs.upv.es\/index.php?rest_route=\/wp\/v2\/types\/page"}],"author":[{"embeddable":true,"href":"https:\/\/cias2014.webs.upv.es\/index.php?rest_route=\/wp\/v2\/users\/2"}],"replies":[{"embeddable":true,"href":"https:\/\/cias2014.webs.upv.es\/index.php?rest_route=%2Fwp%2Fv2%2Fcomments&post=59"}],"version-history":[{"count":0,"href":"https:\/\/cias2014.webs.upv.es\/index.php?rest_route=\/wp\/v2\/pages\/59\/revisions"}],"up":[{"embeddable":true,"href":"https:\/\/cias2014.webs.upv.es\/index.php?rest_route=\/wp\/v2\/pages\/57"}],"wp:attachment":[{"href":"https:\/\/cias2014.webs.upv.es\/index.php?rest_route=%2Fwp%2Fv2%2Fmedia&parent=59"}],"curies":[{"name":"wp","href":"https:\/\/api.w.org\/{rel}","templated":true}]}}