{"id":63,"date":"2014-01-09T18:02:46","date_gmt":"2014-01-09T17:02:46","guid":{"rendered":"http:\/\/cias2014.blogs.upv.es\/?page_id=63"},"modified":"2014-02-15T13:23:11","modified_gmt":"2014-02-15T13:23:11","slug":"alojamiento","status":"publish","type":"page","link":"https:\/\/cias2014.webs.upv.es\/?page_id=63","title":{"rendered":"Alojamiento"},"content":{"rendered":"<p>Hemos negociado tarifas preferentes con los hoteles indicados m\u00e1s abajo (todos los precios son con desayuno e IVA incluidos).<\/p>\n\n<table id=\"tablepress-5\" class=\"tablepress tablepress-id-5\">\n<tbody class=\"row-striping row-hover\">\n<tr class=\"row-1\">\n\t<td class=\"column-1\" style=\"width:30%;\">Barcel\u00f3 Valencia ****<br \/>\nDoble uso individual 67,18 \u20ac<br \/>\nDoble 67,18 \u20ac<\/td><td class=\"column-2\" style=\"width:70%;\">AC Valencia ****<br \/>\nDoble uso individual 66,00 \u20ac<br \/>\nDoble 66,00 \u20ac<\/td>\n<\/tr>\n<tr class=\"row-2\">\n\t<td class=\"column-1\">NH Ciudad de Valencia ***<br \/>\nDoble uso individual 52,80 \u20ac<br \/>\nDoble 61,60 \u20ac<\/td><td class=\"column-2\">Renasa ***<br \/>\nDoble uso individual 60,50 \u20ac<br \/>\nDoble 77,00 \u20ac<\/td>\n<\/tr>\n<\/tbody>\n<\/table>\n<!-- #tablepress-5 from cache -->\n<p>Haz tu reserva cuanto antes rellenando el formulario que puedes desc\u00e1rgarte\u00a0<strong><a href=\"https:\/\/cias2014.webs.upv.es\/wordpress\/wp-content\/uploads\/2014\/02\/2014-CIAS2014-FormularioReservaHotel.doc\" target=\"_blank\">aqu\u00ed<\/a>.<\/strong><\/p>\n<p>La ubicaci\u00f3n de los hoteles pod\u00e9is verla en el siguiente mapa (pincha en los marcadores azules para identificarlos):<\/p>\n<p><iframe  width=&#8221;425&#8243; height=&#8221;350&#8243; frameborder=&#8221;0&#8243; scrolling=&#8221;no&#8221; marginheight=&#8221;0&#8243; marginwidth=&#8221;0&#8243; src=&#8221;https:\/\/maps.google.com\/maps\/ms?msa=0&amp;msid=217206928627644299337.0004a6dd48c82e84bc0db&amp;ie=UTF8&amp;t=m&amp;ll=39.47039,-0.342979&amp;spn=0.04638,0.072956&amp;z=13&amp;output=embed&#8221;&gt; >Seu browser n\u00e3o suporta iframes.<\/iframe><br \/>\n<small>Ver <a style=\"color: #0000ff; text-align: left;\" href=\"https:\/\/maps.google.com\/maps\/ms?msa=0&amp;msid=217206928627644299337.0004a6dd48c82e84bc0db&amp;ie=UTF8&amp;t=m&amp;ll=39.47039,-0.342979&amp;spn=0.04638,0.072956&amp;z=13&amp;source=embed\">Hoteles<\/a> en un mapa m\u00e1s grande<\/small><\/p>\n","protected":false},"excerpt":{"rendered":"<p>Hemos negociado tarifas preferentes con los hoteles indicados m\u00e1s abajo (todos los precios son con desayuno e IVA incluidos). Haz tu reserva cuanto antes rellenando el formulario que puedes desc\u00e1rgarte\u00a0aqu\u00ed. La ubicaci\u00f3n de los hoteles pod\u00e9is verla en el siguiente mapa (pincha en los marcadores azules para identificarlos): Seu browser n\u00e3o suporta iframes. Ver Hoteles [&hellip;]<\/p>\n","protected":false},"author":2,"featured_media":0,"parent":57,"menu_order":2,"comment_status":"closed","ping_status":"closed","template":"","meta":{"footnotes":""},"class_list":["post-63","page","type-page","status-publish","hentry"],"_links":{"self":[{"href":"https:\/\/cias2014.webs.upv.es\/index.php?rest_route=\/wp\/v2\/pages\/63","targetHints":{"allow":["GET"]}}],"collection":[{"href":"https:\/\/cias2014.webs.upv.es\/index.php?rest_route=\/wp\/v2\/pages"}],"about":[{"href":"https:\/\/cias2014.webs.upv.es\/index.php?rest_route=\/wp\/v2\/types\/page"}],"author":[{"embeddable":true,"href":"https:\/\/cias2014.webs.upv.es\/index.php?rest_route=\/wp\/v2\/users\/2"}],"replies":[{"embeddable":true,"href":"https:\/\/cias2014.webs.upv.es\/index.php?rest_route=%2Fwp%2Fv2%2Fcomments&post=63"}],"version-history":[{"count":12,"href":"https:\/\/cias2014.webs.upv.es\/index.php?rest_route=\/wp\/v2\/pages\/63\/revisions"}],"predecessor-version":[{"id":225,"href":"https:\/\/cias2014.webs.upv.es\/index.php?rest_route=\/wp\/v2\/pages\/63\/revisions\/225"}],"up":[{"embeddable":true,"href":"https:\/\/cias2014.webs.upv.es\/index.php?rest_route=\/wp\/v2\/pages\/57"}],"wp:attachment":[{"href":"https:\/\/cias2014.webs.upv.es\/index.php?rest_route=%2Fwp%2Fv2%2Fmedia&parent=63"}],"curies":[{"name":"wp","href":"https:\/\/api.w.org\/{rel}","templated":true}]}}