{"id":67,"date":"2014-01-09T18:36:14","date_gmt":"2014-01-09T17:36:14","guid":{"rendered":"http:\/\/cias2014.blogs.upv.es\/?page_id=67"},"modified":"2014-01-09T18:36:14","modified_gmt":"2014-01-09T17:36:14","slug":"tematica","status":"publish","type":"page","link":"https:\/\/cias2014.webs.upv.es\/?page_id=67","title":{"rendered":"Tem\u00e1tica"},"content":{"rendered":"<p>La tem\u00e1tica del congreso es abierta dentro del contexto general de las aguas subterr\u00e1neas y el programa definitivo se organizar\u00e1 en funci\u00f3n de las comunicaciones recibidas. Ahora bien, el comit\u00e9 organizador hace hincapi\u00e9 en su inter\u00e9s en organizar sesiones espec\u00edficas sobre los siguientes temas:<\/p>\n<ul>\n<li>Agua y miner\u00eda<\/li>\n<li>Fracturaci\u00f3n hidr\u00e1ulica e inyecci\u00f3n profunda<\/li>\n<li>Cambio clim\u00e1tico<\/li>\n<li>Contaminaci\u00f3n y recuperaci\u00f3n de acu\u00edferos<\/li>\n<li>El agua subterr\u00e1nea en la planificaci\u00f3n hidrol\u00f3gica<\/li>\n<\/ul>\n<p>Se admitir\u00e1n tanto comuniaciones t\u00e9cnicas como de investigaci\u00f3n.<\/p>\n","protected":false},"excerpt":{"rendered":"<p>La tem\u00e1tica del congreso es abierta dentro del contexto general de las aguas subterr\u00e1neas y el programa definitivo se organizar\u00e1 en funci\u00f3n de las comunicaciones recibidas. Ahora bien, el comit\u00e9 organizador hace hincapi\u00e9 en su inter\u00e9s en organizar sesiones espec\u00edficas sobre los siguientes temas: Agua y miner\u00eda Fracturaci\u00f3n hidr\u00e1ulica e inyecci\u00f3n profunda Cambio clim\u00e1tico Contaminaci\u00f3n [&hellip;]<\/p>\n","protected":false},"author":2,"featured_media":0,"parent":21,"menu_order":1,"comment_status":"closed","ping_status":"closed","template":"","meta":{"footnotes":""},"class_list":["post-67","page","type-page","status-publish","hentry"],"_links":{"self":[{"href":"https:\/\/cias2014.webs.upv.es\/index.php?rest_route=\/wp\/v2\/pages\/67","targetHints":{"allow":["GET"]}}],"collection":[{"href":"https:\/\/cias2014.webs.upv.es\/index.php?rest_route=\/wp\/v2\/pages"}],"about":[{"href":"https:\/\/cias2014.webs.upv.es\/index.php?rest_route=\/wp\/v2\/types\/page"}],"author":[{"embeddable":true,"href":"https:\/\/cias2014.webs.upv.es\/index.php?rest_route=\/wp\/v2\/users\/2"}],"replies":[{"embeddable":true,"href":"https:\/\/cias2014.webs.upv.es\/index.php?rest_route=%2Fwp%2Fv2%2Fcomments&post=67"}],"version-history":[{"count":0,"href":"https:\/\/cias2014.webs.upv.es\/index.php?rest_route=\/wp\/v2\/pages\/67\/revisions"}],"up":[{"embeddable":true,"href":"https:\/\/cias2014.webs.upv.es\/index.php?rest_route=\/wp\/v2\/pages\/21"}],"wp:attachment":[{"href":"https:\/\/cias2014.webs.upv.es\/index.php?rest_route=%2Fwp%2Fv2%2Fmedia&parent=67"}],"curies":[{"name":"wp","href":"https:\/\/api.w.org\/{rel}","templated":true}]}}