{"id":99,"date":"2014-01-16T12:12:07","date_gmt":"2014-01-16T11:12:07","guid":{"rendered":"http:\/\/cias2014.upv.es\/?page_id=99"},"modified":"2014-04-08T13:10:44","modified_gmt":"2014-04-08T13:10:44","slug":"99-2","status":"publish","type":"page","link":"https:\/\/cias2014.webs.upv.es\/?page_id=99","title":{"rendered":"Env\u00edo de res\u00famenes &#8211; desactivado"},"content":{"rendered":"<p style=\"text-align: left;\">El env\u00edo de contribuciones para el CIAS2014 se realizar\u00e1 en dos fases. En la <strong>primera fase<\/strong> solo hay que enviar el nombre del autor responsable, t\u00edtulo y un <strong>resumen<\/strong> en texto sin ninguna clase de formato, figuras, tablas o ecuaciones y de una longitud que permita evaluar su adecuaci\u00f3n y su catalogaci\u00f3n. La fecha l\u00edmite para el env\u00edo de los res\u00famenes es el 28 de marzo. Estos res\u00famenes ser\u00e1n evaluados por el comit\u00e9 cient\u00edfico del congreso. En la <strong>segunda fase<\/strong>, los autores recibir\u00e1n una notificaci\u00f3n por parte de la organizaci\u00f3n antes del 30 de abril y dispondr\u00e1n hasta el 15 de julio para el env\u00edo de una <strong>comunicaci\u00f3n<\/strong>, si as\u00ed lo desean, seg\u00fan el formato que se indicar\u00e1.<\/p>\n<p style=\"text-align: left;\"><strong>Aunque todas las presentaciones orales deber\u00e1n de ser en espa\u00f1ol, se aceptar\u00e1n res\u00famenes y comunicaciones escritas en portugu\u00e9s, as\u00ed como p\u00f3steres.<\/strong><\/p>\n<p style=\"text-align: left;\"><em><strong>Apesar de todas as apresenta\u00e7\u00f5es orais ser\u00e3o em espanhol, ser\u00e3o aceitos resumos, comunica\u00e7\u00f5es e<em><strong>\u00a0p\u00f4steres<em><strong>\u00a0em portugu\u00eas<\/strong><\/em>.<\/strong><\/em><\/strong><\/em><\/p>\n<p style=\"text-align: left;\">Utiliza el siguiente formulario para enviar tu resumen:<\/p>\n<p style=\"text-align: left;\">[gravityform id=&#8221;1&#8243; name=&#8221;Enviar resumen&#8221; title=&#8221;false&#8221; description=&#8221;false&#8221;]<\/p>\n<p><!--cforms name=\"A new form\"--><\/p>\n","protected":false},"excerpt":{"rendered":"<p>El env\u00edo de contribuciones para el CIAS2014 se realizar\u00e1 en dos fases. En la primera fase solo hay que enviar el nombre del autor responsable, t\u00edtulo y un resumen en texto sin ninguna clase de formato, figuras, tablas o ecuaciones y de una longitud que permita evaluar su adecuaci\u00f3n y su catalogaci\u00f3n. La fecha l\u00edmite [&hellip;]<\/p>\n","protected":false},"author":2,"featured_media":0,"parent":21,"menu_order":0,"comment_status":"closed","ping_status":"closed","template":"","meta":{"footnotes":""},"class_list":["post-99","page","type-page","status-publish","hentry"],"_links":{"self":[{"href":"https:\/\/cias2014.webs.upv.es\/index.php?rest_route=\/wp\/v2\/pages\/99","targetHints":{"allow":["GET"]}}],"collection":[{"href":"https:\/\/cias2014.webs.upv.es\/index.php?rest_route=\/wp\/v2\/pages"}],"about":[{"href":"https:\/\/cias2014.webs.upv.es\/index.php?rest_route=\/wp\/v2\/types\/page"}],"author":[{"embeddable":true,"href":"https:\/\/cias2014.webs.upv.es\/index.php?rest_route=\/wp\/v2\/users\/2"}],"replies":[{"embeddable":true,"href":"https:\/\/cias2014.webs.upv.es\/index.php?rest_route=%2Fwp%2Fv2%2Fcomments&post=99"}],"version-history":[{"count":8,"href":"https:\/\/cias2014.webs.upv.es\/index.php?rest_route=\/wp\/v2\/pages\/99\/revisions"}],"predecessor-version":[{"id":260,"href":"https:\/\/cias2014.webs.upv.es\/index.php?rest_route=\/wp\/v2\/pages\/99\/revisions\/260"}],"up":[{"embeddable":true,"href":"https:\/\/cias2014.webs.upv.es\/index.php?rest_route=\/wp\/v2\/pages\/21"}],"wp:attachment":[{"href":"https:\/\/cias2014.webs.upv.es\/index.php?rest_route=%2Fwp%2Fv2%2Fmedia&parent=99"}],"curies":[{"name":"wp","href":"https:\/\/api.w.org\/{rel}","templated":true}]}}